{"id":1791,"date":"2025-08-31T11:44:42","date_gmt":"2025-08-31T11:44:42","guid":{"rendered":"https:\/\/business.watchesbymk.fr\/?post_type=product&#038;p=1791"},"modified":"2025-08-31T14:21:39","modified_gmt":"2025-08-31T14:21:39","slug":"g-shock-ice-wave","status":"publish","type":"product","link":"https:\/\/business.watchesbymk.fr\/?product=g-shock-ice-wave","title":{"rendered":"G-Shock Ice Wave"},"content":{"rendered":"<style>\n@media (max-width: 768px) {<br \/> .icon-box {<br \/> flex: 1 1 100% !important;<br \/> min-width: 100% !important;<br \/> max-width: 100% !important;<br \/> }<br \/> }<br \/> .icon-box {<br \/> flex: 1;<br \/> min-width: 150px;<br \/> text-align: center;<br \/> background-color: #f4f1eb;<br \/> padding-top: 20px;<br \/> }<br \/> .icon-container {<br \/> display: flex;<br \/> gap: 20px;<br \/> flex-wrap: wrap;<br \/> }<br \/><\/style>\n<div class=\"icon-container\">\n<div class=\"icon-box\">\n<p><img decoding=\"async\" src=\"https:\/\/business.watchesbymk.fr\/wp-content\/uploads\/2022\/04\/Montre-tombant-et-impact-avec-fissures.png\" alt=\"R\u00e9sistance aux chocs\" width=\"80\" \/><\/p>\n<h5>R\u00e9sistance aux chocs<\/h5>\n<\/div>\n<div class=\"icon-box\">\n<p><img decoding=\"async\" src=\"https:\/\/business.watchesbymk.fr\/wp-content\/uploads\/2022\/04\/Goutte-deau-20-bar.png\" alt=\"\u00c9tanche jusqu'\u00e0 20 bar\" width=\"80\" \/><\/p>\n<h5>\u00c9tanche jusqu&rsquo;\u00e0 20 bar<\/h5>\n<\/div>\n<div class=\"icon-box\">\n<p><img decoding=\"async\" src=\"https:\/\/business.watchesbymk.fr\/wp-content\/uploads\/2022\/04\/Lampe-de-poche-et-faisceaux-lumineux.png\" alt=\"Facile \u00e0 voir dans l'obscurit\u00e9\" width=\"80\" \/><\/p>\n<h5>Facile \u00e0 voir dans l&rsquo;obscurit\u00e9<\/h5>\n<\/div>\n<\/div>\n<p><strong>R\u00c9SISTANCE CHOCS<\/strong><br \/>\nCon\u00e7ue pour r\u00e9sister aux impacts et vibrations extr\u00eames.<\/p>\n<p><strong>\u00c9TANCH\u00c9IT\u00c9<\/strong><br \/>\nJusqu&rsquo;\u00e0 200 m\u00e8tres, id\u00e9ale pour la natation et la plong\u00e9e.<\/p>\n<p><strong>TAILLE DU BO\u00ceTIER<\/strong><br \/>\nEnviron 45 mm de diam\u00e8tre sauf G-Shock Lumina 42 mm, adapt\u00e9e \u00e0 la plupart des poignets.<\/p>\n<p><strong>LARGEUR DU BRACELET<\/strong><br \/>\nEnviron 22 mm, confortable et robuste.<\/p>\n<p><strong>MAT\u00c9RIAUX<\/strong><br \/>\nBo\u00eetier en r\u00e9sine renforc\u00e9e, verre min\u00e9ral r\u00e9sistant aux rayures.<\/p>\n<p><strong>AUTONOMIE DE LA BATTERIE<\/strong><br \/>\nJusqu&rsquo;\u00e0 2 ans selon l\u2019utilisation.<\/p>\n<p><strong>FONCTIONS PRINCIPALES<\/strong><br \/>\nChronom\u00e8tre, alarme, compte \u00e0 rebours, affichage 12\/24h.<\/p>\n<p><strong>LUMINOSIT\u00c9<\/strong><br \/>\n\u00c9clairage LED automatique pour une lecture facile dans l\u2019obscurit\u00e9.<br \/>\n<img fetchpriority=\"high\" decoding=\"async\" class=\"alignnone size-full wp-image-1389\" src=\"https:\/\/business.watchesbymk.fr\/wp-content\/uploads\/2022\/04\/ChatGPT-Image-10-aout-2025-15_35_11.png\" alt=\"\" width=\"1024\" height=\"1536\" \/><\/p>\n","protected":false},"excerpt":{"rendered":"<p><strong>La fra\u00eecheur glaciale captur\u00e9e au poignet.<\/strong> Son bleu ciel \u00e9clatant rappelle la puret\u00e9 des vagues et la puissance des glaciers. <strong>Une montre qui allie robustesse et \u00e9l\u00e9gance sportive<\/strong>, con\u00e7ue pour ceux qui avancent avec \u00e9nergie et libert\u00e9.<\/p>\n","protected":false},"featured_media":1730,"comment_status":"open","ping_status":"closed","template":"","meta":{"jetpack_publicize_message":"","jetpack_publicize_feature_enabled":true,"jetpack_social_post_already_shared":false,"jetpack_social_options":{"image_generator_settings":{"template":"highway","default_image_id":0,"enabled":false},"version":2}},"product_brand":[],"product_cat":[15],"product_tag":[],"class_list":{"0":"post-1791","1":"product","2":"type-product","3":"status-publish","4":"has-post-thumbnail","6":"product_cat-uncategorized","8":"first","9":"instock","10":"shipping-taxable","11":"purchasable","12":"product-type-simple"},"jetpack_publicize_connections":[],"jetpack_sharing_enabled":true,"_links":{"self":[{"href":"https:\/\/business.watchesbymk.fr\/index.php?rest_route=\/wp\/v2\/product\/1791","targetHints":{"allow":["GET"]}}],"collection":[{"href":"https:\/\/business.watchesbymk.fr\/index.php?rest_route=\/wp\/v2\/product"}],"about":[{"href":"https:\/\/business.watchesbymk.fr\/index.php?rest_route=\/wp\/v2\/types\/product"}],"replies":[{"embeddable":true,"href":"https:\/\/business.watchesbymk.fr\/index.php?rest_route=%2Fwp%2Fv2%2Fcomments&post=1791"}],"wp:featuredmedia":[{"embeddable":true,"href":"https:\/\/business.watchesbymk.fr\/index.php?rest_route=\/wp\/v2\/media\/1730"}],"wp:attachment":[{"href":"https:\/\/business.watchesbymk.fr\/index.php?rest_route=%2Fwp%2Fv2%2Fmedia&parent=1791"}],"wp:term":[{"taxonomy":"product_brand","embeddable":true,"href":"https:\/\/business.watchesbymk.fr\/index.php?rest_route=%2Fwp%2Fv2%2Fproduct_brand&post=1791"},{"taxonomy":"product_cat","embeddable":true,"href":"https:\/\/business.watchesbymk.fr\/index.php?rest_route=%2Fwp%2Fv2%2Fproduct_cat&post=1791"},{"taxonomy":"product_tag","embeddable":true,"href":"https:\/\/business.watchesbymk.fr\/index.php?rest_route=%2Fwp%2Fv2%2Fproduct_tag&post=1791"}],"curies":[{"name":"wp","href":"https:\/\/api.w.org\/{rel}","templated":true}]}}