{"id":72,"date":"2022-04-11T12:53:40","date_gmt":"1999-01-01T00:00:00","guid":{"rendered":"https:\/\/startersites.io\/blocksy\/home-decor\/?page_id=72"},"modified":"2025-09-01T19:39:42","modified_gmt":"2025-09-01T19:39:42","slug":"refund_returns-2","status":"publish","type":"page","link":"https:\/\/business.watchesbymk.fr\/?page_id=72","title":{"rendered":"POLITIQUE DE REMBOURSEMENT"},"content":{"rendered":"\n<p><\/p>\n\n\n\n<h3 class=\"wp-block-heading\">\ud83d\udccb Aper\u00e7u<\/h3>\n\n\n\n<p>Notre politique de remboursement et de retour est valable pendant <strong>30 jours<\/strong>. Si plus de 30 jours se sont \u00e9coul\u00e9s depuis votre achat, nous ne pouvons malheureusement pas vous offrir un remboursement complet ou un \u00e9change.<\/p>\n\n\n\n<p><\/p>\n\n\n\n<p>Pour \u00eatre \u00e9ligible \u00e0 un retour, votre article doit \u00eatre <strong>non utilis\u00e9<\/strong>, dans le <strong>m\u00eame \u00e9tat<\/strong> que vous l&rsquo;avez re\u00e7u, et dans son <strong>emballage d\u2019origine<\/strong>.<\/p>\n\n\n\n<p>Pour finaliser votre retour, un <strong>re\u00e7u ou une preuve d\u2019achat<\/strong> est requis.<\/p>\n\n\n\n<p><strong>Ne renvoyez pas<\/strong> votre achat au fabricant.<\/p>\n\n\n<p><h2>Remboursements partiels (le cas \u00e9ch\u00e9ant)<br \/><\/h2>\n<\/p>\n\n\n<p>Un remboursement partiel peut \u00eatre accord\u00e9 dans certaines situations :<\/p>\n\n\n\n<ul class=\"wp-block-list\">\n<li>Si Articles endommag\u00e9s ou incomplets non dus \u00e0 notre erreur.<\/li>\n<\/ul>\n\n\n\n<ul class=\"wp-block-list\">\n<li>Articles retourn\u00e9s plus de 30 jours apr\u00e8s la livraison<\/li>\n<\/ul>\n\n\n<h2>\ud83d\udcb0Remboursements<\/h2>\n\n\n<p>Une fois votre retour re\u00e7u et inspect\u00e9, nous vous enverrons un e-mail pour confirmer la r\u00e9ception. Nous vous informerons \u00e9galement de l\u2019approbation ou du rejet de votre remboursement.<\/p>\n\n\n\n<p>Si le remboursement est approuv\u00e9, il sera trait\u00e9 automatiquement via le mode de paiement d\u2019origine, dans un d\u00e9lai de quelques jours.<\/p>\n\n\n<h2>\u23f0 Retards ou remboursements manquants<\/h2>\n\n\n<p>Si vous n\u2019avez pas encore re\u00e7u votre remboursement :<\/p>\n\n\n\n<ol class=\"wp-block-list\">\n<li>V\u00e9rifiez de nouveau votre compte bancaire.<\/li>\n\n\n\n<li>Contactez votre soci\u00e9t\u00e9 de carte bancaire \u2014 le remboursement peut prendre du temps avant d\u2019\u00eatre officiellement affich\u00e9.<\/li>\n\n\n\n<li>Contactez ensuite votre banque. Il peut y avoir un d\u00e9lai de traitement.<\/li>\n<\/ol>\n\n\n\n<p>Si vous avez fait tout cela et que vous n\u2019avez toujours pas re\u00e7u votre remboursement, contactez-nous \u00e0 l\u2019adresse suivante : <strong>business.watchesbyMK@gmail.com<\/strong><\/p>\n\n\n<h2>\ud83d\udd16 Articles en promotion<\/h2>\n\n\n<p>Seuls les articles \u00e0 <strong>prix normal<\/strong> peuvent \u00eatre rembours\u00e9s. Les articles en promotion ne sont <strong>pas remboursables<\/strong>.<\/p>\n\n\n\n<p><\/p>\n\n\n<h2>\ud83d\udd04 \u00c9changes<\/h2>\n\n\n<p>Nous rempla\u00e7ons uniquement les articles d\u00e9fectueux ou endommag\u00e9s.<br>Si vous souhaitez \u00e9changer un article contre le m\u00eame, envoyez-nous un e-mail \u00e0 <strong>business.watchesbyMK@gmail.com<\/strong> et renvoyez l\u2019article \u00e0 l\u2019adresse suivante : <strong>5 impasse de l&rsquo;epi<\/strong> 84000<strong> Avignon<\/strong>.<\/p>\n\n\n<h2>\ud83c\udf81 Cadeaux<\/h2>\n\n\n<p>Si l\u2019article a \u00e9t\u00e9 marqu\u00e9 comme <strong>cadeau<\/strong> lors de l\u2019achat et vous a \u00e9t\u00e9 envoy\u00e9 directement, vous recevrez un <strong>cr\u00e9dit-cadeau<\/strong> correspondant \u00e0 la valeur de votre retour. Une fois l\u2019article retourn\u00e9 re\u00e7u, un <strong>bon cadeau<\/strong> vous sera envoy\u00e9 par courrier.<\/p>\n\n\n\n<p>Si l\u2019article n\u2019\u00e9tait pas marqu\u00e9 comme cadeau, ou si le donneur de cadeau s\u2019est fait livrer l\u2019article pour vous l\u2019offrir plus tard, nous rembourserons <strong>le donneur du cadeau<\/strong>.<\/p>\n\n\n<h2>\ud83d\udce6 Retours \u2013 Livraison<\/h2>\n\n\n<p>Pour retourner un article, veuillez l\u2019envoyer \u00e0 : <strong>5 impasse de l&rsquo;epi, 84000<\/strong> Avignon.<\/p>\n\n\n\n<p>Les frais de retour sont \u00e0 votre charge. <strong>Les frais d\u2019exp\u00e9dition ne sont pas remboursables<\/strong>. Si vous recevez un remboursement, les frais de retour seront d\u00e9duits du montant rembours\u00e9.<\/p>\n\n\n\n<p>Selon votre lieu de r\u00e9sidence, le d\u00e9lai de r\u00e9ception d\u2019un produit \u00e9chang\u00e9 peut varier.<\/p>\n\n\n\n<p>Pour les articles de valeur, nous vous recommandons d\u2019utiliser un <strong>service de livraison avec suivi<\/strong> ou de souscrire une <strong>assurance transport<\/strong>.<br>Nous ne garantissons pas la r\u00e9ception de votre article retourn\u00e9.<\/p>\n\n\n<h2>\u2753 Besoin d\u2019aide ?<\/h2>\n\n\n<p>Pour toute question concernant les retours et remboursements, contactez-nous \u00e0 : <strong>business.watchesbyMK@gmail.com<\/strong>.<\/p>\n\n\n\n<p><\/p>\n","protected":false},"excerpt":{"rendered":"<p>\ud83d\udccb Aper\u00e7u Notre politique de remboursement et de retour est valable pendant 30 jours. Si plus de 30 jours se sont \u00e9coul\u00e9s depuis votre achat, nous ne pouvons malheureusement pas vous offrir un remboursement complet ou un \u00e9change. Pour \u00eatre \u00e9ligible \u00e0 un retour, votre article doit \u00eatre non utilis\u00e9, dans le m\u00eame \u00e9tat que [&hellip;]<\/p>\n","protected":false},"author":1,"featured_media":0,"parent":0,"menu_order":0,"comment_status":"closed","ping_status":"closed","template":"","meta":{"footnotes":""},"class_list":["post-72","page","type-page","status-publish","hentry"],"blocksy_meta":[],"jetpack_sharing_enabled":true,"_links":{"self":[{"href":"https:\/\/business.watchesbymk.fr\/index.php?rest_route=\/wp\/v2\/pages\/72","targetHints":{"allow":["GET"]}}],"collection":[{"href":"https:\/\/business.watchesbymk.fr\/index.php?rest_route=\/wp\/v2\/pages"}],"about":[{"href":"https:\/\/business.watchesbymk.fr\/index.php?rest_route=\/wp\/v2\/types\/page"}],"author":[{"embeddable":true,"href":"https:\/\/business.watchesbymk.fr\/index.php?rest_route=\/wp\/v2\/users\/1"}],"replies":[{"embeddable":true,"href":"https:\/\/business.watchesbymk.fr\/index.php?rest_route=%2Fwp%2Fv2%2Fcomments&post=72"}],"version-history":[{"count":7,"href":"https:\/\/business.watchesbymk.fr\/index.php?rest_route=\/wp\/v2\/pages\/72\/revisions"}],"predecessor-version":[{"id":1799,"href":"https:\/\/business.watchesbymk.fr\/index.php?rest_route=\/wp\/v2\/pages\/72\/revisions\/1799"}],"wp:attachment":[{"href":"https:\/\/business.watchesbymk.fr\/index.php?rest_route=%2Fwp%2Fv2%2Fmedia&parent=72"}],"curies":[{"name":"wp","href":"https:\/\/api.w.org\/{rel}","templated":true}]}}