{"id":1350,"date":"2025-08-07T15:49:50","date_gmt":"2025-08-07T15:49:50","guid":{"rendered":"https:\/\/watchesbymk.fr\/?page_id=1350"},"modified":"2025-08-31T09:53:15","modified_gmt":"2025-08-31T09:53:15","slug":"conditions-generales-de-vente","status":"publish","type":"page","link":"https:\/\/business.watchesbymk.fr\/?page_id=1350","title":{"rendered":"CONDITIONS G\u00c9N\u00c9RALES DE VENTE"},"content":{"rendered":"\n<p><\/p>\n\n\n\n<p>Bienvenue sur notre boutique en ligne. Voici les informations essentielles concernant nos ventes :<\/p>\n\n\n\n<h3 class=\"wp-block-heading\">\ud83d\udce6 Livraison<\/h3>\n\n\n\n<ul class=\"wp-block-list\">\n<li>Les commandes sont trait\u00e9es sous 24 \u00e0 48 heures (jours ouvr\u00e9s).<\/li>\n\n\n\n<li>La livraison est disponible en France m\u00e9tropolitaine.<\/li>\n\n\n\n<li>Les d\u00e9lais de livraison varient entre <strong>15 jours ouvr\u00e9s<\/strong> selon le transporteur mais en g\u00e9n\u00e9ral, la livraison se fait sous <strong>15 &#8211; 20 jours<\/strong>.<\/li>\n\n\n\n<li>Un num\u00e9ro de suivi vous sera envoy\u00e9 d\u00e8s l\u2019exp\u00e9dition.<\/li>\n<\/ul>\n\n\n\n<h3 class=\"wp-block-heading\">\ud83d\udcb3 Paiement<\/h3>\n\n\n\n<ul class=\"wp-block-list\">\n<li>Les paiements sont <strong>100 % s\u00e9curis\u00e9s<\/strong>.<\/li>\n\n\n\n<li>Moyens de paiement accept\u00e9s : <strong>carte bancaire, PayPal<\/strong>.<\/li>\n\n\n\n<li>Le paiement est d\u00e9bit\u00e9 au moment de la commande.<\/li>\n<\/ul>\n\n\n\n<h3 class=\"wp-block-heading\">\ud83d\udce9 Service client<\/h3>\n\n\n\n<ul class=\"wp-block-list\">\n<li>Pour toute question ou probl\u00e8me, vous pouvez nous contacter \u00e0 : <strong>business.watchesByMK@gmail.com<\/strong><\/li>\n<\/ul>\n\n\n\n<h3 class=\"wp-block-heading\">\ud83d\udccc Remarques<\/h3>\n\n\n\n<ul class=\"wp-block-list\">\n<li>Les prix affich\u00e9s sont en euros (\u20ac), toutes taxes comprises (TTC).<\/li>\n\n\n\n<li>En passant commande, vous acceptez nos <strong>conditions g\u00e9n\u00e9rales de vente<\/strong>.<\/li>\n<\/ul>\n\n\n\n<p><\/p>\n","protected":false},"excerpt":{"rendered":"<p>Bienvenue sur notre boutique en ligne. Voici les informations essentielles concernant nos ventes : \ud83d\udce6 Livraison \ud83d\udcb3 Paiement \ud83d\udce9 Service client \ud83d\udccc Remarques<\/p>\n","protected":false},"author":1,"featured_media":0,"parent":0,"menu_order":0,"comment_status":"closed","ping_status":"closed","template":"","meta":{"footnotes":""},"class_list":["post-1350","page","type-page","status-publish","hentry"],"blocksy_meta":[],"jetpack_sharing_enabled":true,"_links":{"self":[{"href":"https:\/\/business.watchesbymk.fr\/index.php?rest_route=\/wp\/v2\/pages\/1350","targetHints":{"allow":["GET"]}}],"collection":[{"href":"https:\/\/business.watchesbymk.fr\/index.php?rest_route=\/wp\/v2\/pages"}],"about":[{"href":"https:\/\/business.watchesbymk.fr\/index.php?rest_route=\/wp\/v2\/types\/page"}],"author":[{"embeddable":true,"href":"https:\/\/business.watchesbymk.fr\/index.php?rest_route=\/wp\/v2\/users\/1"}],"replies":[{"embeddable":true,"href":"https:\/\/business.watchesbymk.fr\/index.php?rest_route=%2Fwp%2Fv2%2Fcomments&post=1350"}],"version-history":[{"count":3,"href":"https:\/\/business.watchesbymk.fr\/index.php?rest_route=\/wp\/v2\/pages\/1350\/revisions"}],"predecessor-version":[{"id":1770,"href":"https:\/\/business.watchesbymk.fr\/index.php?rest_route=\/wp\/v2\/pages\/1350\/revisions\/1770"}],"wp:attachment":[{"href":"https:\/\/business.watchesbymk.fr\/index.php?rest_route=%2Fwp%2Fv2%2Fmedia&parent=1350"}],"curies":[{"name":"wp","href":"https:\/\/api.w.org\/{rel}","templated":true}]}}